{"id":543,"date":"2024-02-26T09:00:49","date_gmt":"2024-02-26T09:00:49","guid":{"rendered":"https:\/\/jpmcomon.info\/unan56\/?page_id=543"},"modified":"2024-04-03T08:28:51","modified_gmt":"2024-04-03T08:28:51","slug":"galerie","status":"publish","type":"page","link":"https:\/\/jpmcomon.info\/unan56\/?page_id=543","title":{"rendered":"GALERIE"},"content":{"rendered":"\t\t<div data-elementor-type=\"wp-page\" data-elementor-id=\"543\" class=\"elementor elementor-543\">\n\t\t\t\t<div class=\"elementor-element elementor-element-ebe588a e-flex e-con-boxed e-con e-parent\" data-id=\"ebe588a\" data-element_type=\"container\">\n\t\t\t\t\t<div class=\"e-con-inner\">\n\t\t\t\t<div class=\"elementor-element elementor-element-a4f1a90 elementor-widget elementor-widget-heading\" data-id=\"a4f1a90\" data-element_type=\"widget\" data-widget_type=\"heading.default\">\n\t\t\t\t<div class=\"elementor-widget-container\">\n\t\t\t\t\t<h2 class=\"elementor-heading-title elementor-size-default\">Exercices S\u00e9curit\u00e9<\/h2>\t\t\t\t<\/div>\n\t\t\t\t<\/div>\n\t\t\t\t\t<\/div>\n\t\t\t\t<\/div>\n\t\t<div class=\"elementor-element elementor-element-0cb851b e-flex e-con-boxed e-con e-parent\" data-id=\"0cb851b\" data-element_type=\"container\">\n\t\t\t\t\t<div class=\"e-con-inner\">\n\t\t\t\t<div class=\"elementor-element elementor-element-66170d3 elementor-widget elementor-widget-image-gallery\" data-id=\"66170d3\" data-element_type=\"widget\" data-widget_type=\"image-gallery.default\">\n\t\t\t\t<div class=\"elementor-widget-container\">\n\t\t\t\t\t\t\t<div class=\"elementor-image-gallery\">\n\t\t\t<div id='gallery-1' class='gallery galleryid-543 gallery-columns-3 gallery-size-medium'><figure class='gallery-item'>\n\t\t\t<div class='gallery-icon landscape'>\n\t\t\t\t<a data-elementor-open-lightbox=\"yes\" data-elementor-lightbox-slideshow=\"66170d3\" data-elementor-lightbox-title=\"Gilets jaunes 3\" data-e-action-hash=\"#elementor-action%3Aaction%3Dlightbox%26settings%3DeyJpZCI6Nzg1LCJ1cmwiOiJodHRwczpcL1wvanBtY29tb24uaW5mb1wvdW5hbjU2XC93cC1jb250ZW50XC91cGxvYWRzXC8yMDI0XC8wNFwvR2lsZXRzLWphdW5lcy0zLmpwZyIsInNsaWRlc2hvdyI6IjY2MTcwZDMifQ%3D%3D\" href='https:\/\/jpmcomon.info\/unan56\/wp-content\/uploads\/2024\/04\/Gilets-jaunes-3.jpg'><img fetchpriority=\"high\" decoding=\"async\" width=\"300\" height=\"225\" src=\"https:\/\/jpmcomon.info\/unan56\/wp-content\/uploads\/2024\/04\/Gilets-jaunes-3-300x225.jpg\" class=\"attachment-medium size-medium\" alt=\"\" srcset=\"https:\/\/jpmcomon.info\/unan56\/wp-content\/uploads\/2024\/04\/Gilets-jaunes-3-300x225.jpg 300w, https:\/\/jpmcomon.info\/unan56\/wp-content\/uploads\/2024\/04\/Gilets-jaunes-3-1024x768.jpg 1024w, https:\/\/jpmcomon.info\/unan56\/wp-content\/uploads\/2024\/04\/Gilets-jaunes-3-768x576.jpg 768w, https:\/\/jpmcomon.info\/unan56\/wp-content\/uploads\/2024\/04\/Gilets-jaunes-3.jpg 1229w\" sizes=\"(max-width: 300px) 100vw, 300px\" \/><\/a>\n\t\t\t<\/div><\/figure><figure class='gallery-item'>\n\t\t\t<div class='gallery-icon landscape'>\n\t\t\t\t<a data-elementor-open-lightbox=\"yes\" data-elementor-lightbox-slideshow=\"66170d3\" data-elementor-lightbox-title=\"vannes_2017102917422032_Millesabordssecurite\" data-e-action-hash=\"#elementor-action%3Aaction%3Dlightbox%26settings%3DeyJpZCI6Nzg0LCJ1cmwiOiJodHRwczpcL1wvanBtY29tb24uaW5mb1wvdW5hbjU2XC93cC1jb250ZW50XC91cGxvYWRzXC8yMDI0XC8wNFwvR2lsZXRzLWphdW5lcy0yLmpwZyIsInNsaWRlc2hvdyI6IjY2MTcwZDMifQ%3D%3D\" href='https:\/\/jpmcomon.info\/unan56\/wp-content\/uploads\/2024\/04\/Gilets-jaunes-2.jpg'><img decoding=\"async\" width=\"300\" height=\"181\" src=\"https:\/\/jpmcomon.info\/unan56\/wp-content\/uploads\/2024\/04\/Gilets-jaunes-2-300x181.jpg\" class=\"attachment-medium size-medium\" alt=\"\" srcset=\"https:\/\/jpmcomon.info\/unan56\/wp-content\/uploads\/2024\/04\/Gilets-jaunes-2-300x181.jpg 300w, https:\/\/jpmcomon.info\/unan56\/wp-content\/uploads\/2024\/04\/Gilets-jaunes-2-768x462.jpg 768w, https:\/\/jpmcomon.info\/unan56\/wp-content\/uploads\/2024\/04\/Gilets-jaunes-2.jpg 997w\" sizes=\"(max-width: 300px) 100vw, 300px\" \/><\/a>\n\t\t\t<\/div><\/figure><figure class='gallery-item'>\n\t\t\t<div class='gallery-icon landscape'>\n\t\t\t\t<a data-elementor-open-lightbox=\"yes\" data-elementor-lightbox-slideshow=\"66170d3\" data-elementor-lightbox-title=\"Gilets Jaunes 1\" data-e-action-hash=\"#elementor-action%3Aaction%3Dlightbox%26settings%3DeyJpZCI6NzgzLCJ1cmwiOiJodHRwczpcL1wvanBtY29tb24uaW5mb1wvdW5hbjU2XC93cC1jb250ZW50XC91cGxvYWRzXC8yMDI0XC8wNFwvR2lsZXRzLUphdW5lcy0xLmpwZyIsInNsaWRlc2hvdyI6IjY2MTcwZDMifQ%3D%3D\" href='https:\/\/jpmcomon.info\/unan56\/wp-content\/uploads\/2024\/04\/Gilets-Jaunes-1.jpg'><img decoding=\"async\" width=\"300\" height=\"225\" src=\"https:\/\/jpmcomon.info\/unan56\/wp-content\/uploads\/2024\/04\/Gilets-Jaunes-1-300x225.jpg\" class=\"attachment-medium size-medium\" alt=\"\" srcset=\"https:\/\/jpmcomon.info\/unan56\/wp-content\/uploads\/2024\/04\/Gilets-Jaunes-1-300x225.jpg 300w, https:\/\/jpmcomon.info\/unan56\/wp-content\/uploads\/2024\/04\/Gilets-Jaunes-1-1024x768.jpg 1024w, https:\/\/jpmcomon.info\/unan56\/wp-content\/uploads\/2024\/04\/Gilets-Jaunes-1-768x576.jpg 768w, https:\/\/jpmcomon.info\/unan56\/wp-content\/uploads\/2024\/04\/Gilets-Jaunes-1-1536x1152.jpg 1536w, https:\/\/jpmcomon.info\/unan56\/wp-content\/uploads\/2024\/04\/Gilets-Jaunes-1.jpg 1958w\" sizes=\"(max-width: 300px) 100vw, 300px\" \/><\/a>\n\t\t\t<\/div><\/figure>\n\t\t<\/div>\n\t\t<\/div>\n\t\t\t\t\t\t<\/div>\n\t\t\t\t<\/div>\n\t\t\t\t<div class=\"elementor-element elementor-element-6b20e54 elementor-widget elementor-widget-text-editor\" data-id=\"6b20e54\" data-element_type=\"widget\" data-widget_type=\"text-editor.default\">\n\t\t\t\t<div class=\"elementor-widget-container\">\n\t\t\t\t\t\t\t\t\t<p>Les b\u00e9n\u00e9voles de l&#8217;Unan se sont mobilis\u00e9s pour faire d\u00e9couvrir la s\u00e9curit\u00e9 en mer au public.<\/p>\t\t\t\t\t\t\t\t<\/div>\n\t\t\t\t<\/div>\n\t\t\t\t\t<\/div>\n\t\t\t\t<\/div>\n\t\t\t\t<\/div>\n\t\t","protected":false},"excerpt":{"rendered":"<p>Exercices S\u00e9curit\u00e9 Les b\u00e9n\u00e9voles de l&#8217;Unan se sont mobilis\u00e9s pour faire d\u00e9couvrir la s\u00e9curit\u00e9 en mer au public.<\/p>\n","protected":false},"author":1,"featured_media":0,"parent":0,"menu_order":0,"comment_status":"closed","ping_status":"closed","template":"","meta":{"_s2mail":"","_EventAllDay":false,"_EventTimezone":"","_EventStartDate":"","_EventEndDate":"","_EventStartDateUTC":"","_EventEndDateUTC":"","_EventShowMap":false,"_EventShowMapLink":false,"_EventURL":"","_EventCost":"","_EventCostDescription":"","_EventCurrencySymbol":"","_EventCurrencyCode":"","_EventCurrencyPosition":"","_EventDateTimeSeparator":"","_EventTimeRangeSeparator":"","_EventOrganizerID":[],"_EventVenueID":[],"_OrganizerEmail":"","_OrganizerPhone":"","_OrganizerWebsite":"","_VenueAddress":"","_VenueCity":"","_VenueCountry":"","_VenueProvince":"","_VenueState":"","_VenueZip":"","_VenuePhone":"","_VenueURL":"","_VenueStateProvince":"","_VenueLat":"","_VenueLng":"","_VenueShowMap":false,"_VenueShowMapLink":false,"ocean_post_layout":"","ocean_both_sidebars_style":"","ocean_both_sidebars_content_width":0,"ocean_both_sidebars_sidebars_width":0,"ocean_sidebar":"","ocean_second_sidebar":"","ocean_disable_margins":"enable","ocean_add_body_class":"","ocean_shortcode_before_top_bar":"","ocean_shortcode_after_top_bar":"","ocean_shortcode_before_header":"","ocean_shortcode_after_header":"","ocean_has_shortcode":"","ocean_shortcode_after_title":"","ocean_shortcode_before_footer_widgets":"","ocean_shortcode_after_footer_widgets":"","ocean_shortcode_before_footer_bottom":"","ocean_shortcode_after_footer_bottom":"","ocean_display_top_bar":"default","ocean_display_header":"default","ocean_header_style":"","ocean_center_header_left_menu":"","ocean_custom_header_template":"","ocean_custom_logo":0,"ocean_custom_retina_logo":0,"ocean_custom_logo_max_width":0,"ocean_custom_logo_tablet_max_width":0,"ocean_custom_logo_mobile_max_width":0,"ocean_custom_logo_max_height":0,"ocean_custom_logo_tablet_max_height":0,"ocean_custom_logo_mobile_max_height":0,"ocean_header_custom_menu":"","ocean_menu_typo_font_family":"","ocean_menu_typo_font_subset":"","ocean_menu_typo_font_size":0,"ocean_menu_typo_font_size_tablet":0,"ocean_menu_typo_font_size_mobile":0,"ocean_menu_typo_font_size_unit":"px","ocean_menu_typo_font_weight":"","ocean_menu_typo_font_weight_tablet":"","ocean_menu_typo_font_weight_mobile":"","ocean_menu_typo_transform":"","ocean_menu_typo_transform_tablet":"","ocean_menu_typo_transform_mobile":"","ocean_menu_typo_line_height":0,"ocean_menu_typo_line_height_tablet":0,"ocean_menu_typo_line_height_mobile":0,"ocean_menu_typo_line_height_unit":"","ocean_menu_typo_spacing":0,"ocean_menu_typo_spacing_tablet":0,"ocean_menu_typo_spacing_mobile":0,"ocean_menu_typo_spacing_unit":"","ocean_menu_link_color":"","ocean_menu_link_color_hover":"","ocean_menu_link_color_active":"","ocean_menu_link_background":"","ocean_menu_link_hover_background":"","ocean_menu_link_active_background":"","ocean_menu_social_links_bg":"","ocean_menu_social_hover_links_bg":"","ocean_menu_social_links_color":"","ocean_menu_social_hover_links_color":"","ocean_disable_title":"default","ocean_disable_heading":"default","ocean_post_title":"","ocean_post_subheading":"","ocean_post_title_style":"","ocean_post_title_background_color":"","ocean_post_title_background":0,"ocean_post_title_bg_image_position":"","ocean_post_title_bg_image_attachment":"","ocean_post_title_bg_image_repeat":"","ocean_post_title_bg_image_size":"","ocean_post_title_height":0,"ocean_post_title_bg_overlay":0.5,"ocean_post_title_bg_overlay_color":"","ocean_disable_breadcrumbs":"default","ocean_breadcrumbs_color":"","ocean_breadcrumbs_separator_color":"","ocean_breadcrumbs_links_color":"","ocean_breadcrumbs_links_hover_color":"","ocean_display_footer_widgets":"default","ocean_display_footer_bottom":"default","ocean_custom_footer_template":"","footnotes":""},"class_list":["post-543","page","type-page","status-publish","hentry","entry"],"_links":{"self":[{"href":"https:\/\/jpmcomon.info\/unan56\/index.php?rest_route=\/wp\/v2\/pages\/543","targetHints":{"allow":["GET"]}}],"collection":[{"href":"https:\/\/jpmcomon.info\/unan56\/index.php?rest_route=\/wp\/v2\/pages"}],"about":[{"href":"https:\/\/jpmcomon.info\/unan56\/index.php?rest_route=\/wp\/v2\/types\/page"}],"author":[{"embeddable":true,"href":"https:\/\/jpmcomon.info\/unan56\/index.php?rest_route=\/wp\/v2\/users\/1"}],"replies":[{"embeddable":true,"href":"https:\/\/jpmcomon.info\/unan56\/index.php?rest_route=%2Fwp%2Fv2%2Fcomments&post=543"}],"version-history":[{"count":10,"href":"https:\/\/jpmcomon.info\/unan56\/index.php?rest_route=\/wp\/v2\/pages\/543\/revisions"}],"predecessor-version":[{"id":868,"href":"https:\/\/jpmcomon.info\/unan56\/index.php?rest_route=\/wp\/v2\/pages\/543\/revisions\/868"}],"wp:attachment":[{"href":"https:\/\/jpmcomon.info\/unan56\/index.php?rest_route=%2Fwp%2Fv2%2Fmedia&parent=543"}],"curies":[{"name":"wp","href":"https:\/\/api.w.org\/{rel}","templated":true}]}}