{"id":47,"date":"2024-01-23T17:55:10","date_gmt":"2024-01-23T17:55:10","guid":{"rendered":"https:\/\/jpmcomon.info\/unan56\/?page_id=47"},"modified":"2024-05-23T13:05:51","modified_gmt":"2024-05-23T13:05:51","slug":"qui-sommes-nous","status":"publish","type":"page","link":"https:\/\/jpmcomon.info\/unan56\/?page_id=47","title":{"rendered":"Qui sommes-nous ?"},"content":{"rendered":"\t\t<div data-elementor-type=\"wp-page\" data-elementor-id=\"47\" class=\"elementor elementor-47\">\n\t\t\t\t<div class=\"elementor-element elementor-element-57614ab7 e-flex e-con-boxed e-con e-parent\" data-id=\"57614ab7\" data-element_type=\"container\">\n\t\t\t\t\t<div class=\"e-con-inner\">\n\t\t\t\t<div class=\"elementor-element elementor-element-28f4c3dc elementor-widget elementor-widget-text-editor\" data-id=\"28f4c3dc\" data-element_type=\"widget\" data-widget_type=\"text-editor.default\">\n\t\t\t\t<div class=\"elementor-widget-container\">\n\t\t\t\t\t\t\t\t\t<h1 id=\"top\" class=\"font-weight-bold mb-4 text-uppercase\">Qui sommes-nous ?<\/h1><h2 class=\"text-left text-uppercase\">HISTORIQUE<\/h2><div id=\"article114\" class=\"collapse show\" aria-labelledby=\"heading114\" data-parent=\"#accordionArticle\"><div class=\"card-body\"><p>En octobre 1992, suite au d\u00e9cret 91-1110 du 22 octobre 1991 relatif aux autorisations d&#8217;occupation temporaire (AOT)concernant les zones de mouillages et d&#8217;\u00e9quipements l\u00e9gers (ZMEL) sur le domaine public maritime (DPM), le Pr\u00e9fet du Morbihan lance la campagne de r\u00e9organisation des mouillages dans le Golfe et 5 pr\u00e9sidents d&#8217;association se rencontrent et d\u00e9cident de fonder l&#8217;Union des Associations des Navigateurs du Golfe du Morbihan.<\/p><p>En d\u00e9cembre 1995, l&#8217;UNION regroupait d\u00e9j\u00e0 16 associations qui repr\u00e9sentaient 2300 bateaux induisant 27,5 MF de retomb\u00e9es \u00e9conomiques.<\/p><p>En novembre 1998, transformation en UNion des Associations de Navigateurs du Morbihan du fait que la pr\u00e9c\u00e9dente structure avait \u00ab d\u00e9bord\u00e9 \u00bb du Golfe, avec l\u2019adh\u00e9sion de ports de la Baie de Quiberon. En breton, Unan = Unit\u00e9, Union.<\/p><p>Actuellement, l\u2019UNAN-56 regroupe 22 associations de plaisanciers des ports et zones de mouillages du Morbihan.\u00a0<\/p><p><strong>L&#8217;UNAN 56 est une force \u00e9conomique qui, avec sa m\u00e9thode d&#8217;action, lui conf\u00e8re une cr\u00e9dibilit\u00e9 reconnue.<\/strong><\/p><h4 class=\"text-left text-uppercase\"><a href=\"https:\/\/www.unan56.bzh\/presentation.html#article83\" data-toggle=\"collapse\" aria-expanded=\"true\" aria-controls=\"article83\">Assembl\u00e9es g\u00e9n\u00e9rales <\/a><\/h4><p>La derni\u00e8re Assembl\u00e9es G\u00e9n\u00e9rales s&#8217;est d\u00e9voul\u00e9e le <strong>23 f\u00e9vrier 2019<\/strong>. Bient\u00f4t le compte-rendu.<\/p><p>Consulter les comptes-rendus des Assembl\u00e9es G\u00e9n\u00e9rales des ann\u00e9es p\u00e9c\u00e9dentes :<\/p><p><a href=\"https:\/\/jpmcomon.info\/unan56\/wp-content\/uploads\/2024\/04\/2018-02-24-cr-ag-pc-7641.pdf\" target=\"_blank\" rel=\"noopener\">AG du 24 f\u00e9vrier 2018<\/a><\/p><p><a href=\"https:\/\/jpmcomon.info\/unan56\/wp-content\/uploads\/2024\/04\/2017-02-25-cr-ag-prov-4231.pdf\" target=\"_blank\" rel=\"noopener\">AG du 27 f\u00e9vrier 2017<\/a><\/p><p><a href=\"https:\/\/jpmcomon.info\/unan56\/wp-content\/uploads\/2024\/04\/2016-crag-cdl-8924.pdf\" target=\"_blank\" rel=\"noopener\">AG du 27 f\u00e9vrier 2016<\/a><\/p><p><a href=\"https:\/\/jpmcomon.info\/unan56\/wp-content\/uploads\/2024\/04\/2015-02-28-cr-ag-def-1416.pdf\" target=\"_blank\" rel=\"noopener\">AG du 28 f\u00e9vrier 2015<\/a><\/p><h4 class=\"text-left text-uppercase\" style=\"text-align: center;\"><a href=\"https:\/\/jpmcomon.info\/unan56\/wp-content\/uploads\/2024\/04\/plaquette-unan-4307.pdf\" target=\"_blank\" rel=\"noopener\">Plaquette UNAN<\/a><\/h4><h4 class=\"text-left text-uppercase\"><a href=\"https:\/\/www.unan56.bzh\/presentation.html#article139\" data-toggle=\"collapse\" aria-expanded=\"true\" aria-controls=\"article139\">Les membres du bureau <\/a><\/h4><p><img fetchpriority=\"high\" decoding=\"async\" class=\"size-large wp-image-914 aligncenter\" src=\"https:\/\/jpmcomon.info\/unan56\/wp-content\/uploads\/2024\/05\/UNAN56-TROMBINOSCOPE-BUREAU-2024_Page_1-648x1024.jpg\" alt=\"\" width=\"648\" height=\"1024\" srcset=\"https:\/\/jpmcomon.info\/unan56\/wp-content\/uploads\/2024\/05\/UNAN56-TROMBINOSCOPE-BUREAU-2024_Page_1-648x1024.jpg 648w, https:\/\/jpmcomon.info\/unan56\/wp-content\/uploads\/2024\/05\/UNAN56-TROMBINOSCOPE-BUREAU-2024_Page_1-190x300.jpg 190w, https:\/\/jpmcomon.info\/unan56\/wp-content\/uploads\/2024\/05\/UNAN56-TROMBINOSCOPE-BUREAU-2024_Page_1-768x1213.jpg 768w, https:\/\/jpmcomon.info\/unan56\/wp-content\/uploads\/2024\/05\/UNAN56-TROMBINOSCOPE-BUREAU-2024_Page_1.jpg 918w\" sizes=\"(max-width: 648px) 100vw, 648px\" \/><\/p><\/div><\/div>\t\t\t\t\t\t\t\t<\/div>\n\t\t\t\t<\/div>\n\t\t\t\t\t<\/div>\n\t\t\t\t<\/div>\n\t\t\t\t<\/div>\n\t\t","protected":false},"excerpt":{"rendered":"<p>Qui sommes-nous ? HISTORIQUE En octobre 1992, suite au d\u00e9cret 91-1110 du 22 octobre 1991 relatif aux autorisations d&#8217;occupation temporaire (AOT)concernant les zones de mouillages et d&#8217;\u00e9quipements l\u00e9gers (ZMEL) sur [&hellip;]<\/p>\n","protected":false},"author":1,"featured_media":0,"parent":0,"menu_order":0,"comment_status":"closed","ping_status":"closed","template":"","meta":{"_s2mail":"","_EventAllDay":false,"_EventTimezone":"","_EventStartDate":"","_EventEndDate":"","_EventStartDateUTC":"","_EventEndDateUTC":"","_EventShowMap":false,"_EventShowMapLink":false,"_EventURL":"","_EventCost":"","_EventCostDescription":"","_EventCurrencySymbol":"","_EventCurrencyCode":"","_EventCurrencyPosition":"","_EventDateTimeSeparator":"","_EventTimeRangeSeparator":"","_EventOrganizerID":[],"_EventVenueID":[],"_OrganizerEmail":"","_OrganizerPhone":"","_OrganizerWebsite":"","_VenueAddress":"","_VenueCity":"","_VenueCountry":"","_VenueProvince":"","_VenueState":"","_VenueZip":"","_VenuePhone":"","_VenueURL":"","_VenueStateProvince":"","_VenueLat":"","_VenueLng":"","_VenueShowMap":false,"_VenueShowMapLink":false,"ocean_post_layout":"","ocean_both_sidebars_style":"","ocean_both_sidebars_content_width":0,"ocean_both_sidebars_sidebars_width":0,"ocean_sidebar":"","ocean_second_sidebar":"","ocean_disable_margins":"enable","ocean_add_body_class":"","ocean_shortcode_before_top_bar":"","ocean_shortcode_after_top_bar":"","ocean_shortcode_before_header":"","ocean_shortcode_after_header":"","ocean_has_shortcode":"","ocean_shortcode_after_title":"","ocean_shortcode_before_footer_widgets":"","ocean_shortcode_after_footer_widgets":"","ocean_shortcode_before_footer_bottom":"","ocean_shortcode_after_footer_bottom":"","ocean_display_top_bar":"default","ocean_display_header":"default","ocean_header_style":"","ocean_center_header_left_menu":"","ocean_custom_header_template":"","ocean_custom_logo":0,"ocean_custom_retina_logo":0,"ocean_custom_logo_max_width":0,"ocean_custom_logo_tablet_max_width":0,"ocean_custom_logo_mobile_max_width":0,"ocean_custom_logo_max_height":0,"ocean_custom_logo_tablet_max_height":0,"ocean_custom_logo_mobile_max_height":0,"ocean_header_custom_menu":"","ocean_menu_typo_font_family":"","ocean_menu_typo_font_subset":"","ocean_menu_typo_font_size":0,"ocean_menu_typo_font_size_tablet":0,"ocean_menu_typo_font_size_mobile":0,"ocean_menu_typo_font_size_unit":"px","ocean_menu_typo_font_weight":"","ocean_menu_typo_font_weight_tablet":"","ocean_menu_typo_font_weight_mobile":"","ocean_menu_typo_transform":"","ocean_menu_typo_transform_tablet":"","ocean_menu_typo_transform_mobile":"","ocean_menu_typo_line_height":0,"ocean_menu_typo_line_height_tablet":0,"ocean_menu_typo_line_height_mobile":0,"ocean_menu_typo_line_height_unit":"","ocean_menu_typo_spacing":0,"ocean_menu_typo_spacing_tablet":0,"ocean_menu_typo_spacing_mobile":0,"ocean_menu_typo_spacing_unit":"","ocean_menu_link_color":"","ocean_menu_link_color_hover":"","ocean_menu_link_color_active":"","ocean_menu_link_background":"","ocean_menu_link_hover_background":"","ocean_menu_link_active_background":"","ocean_menu_social_links_bg":"","ocean_menu_social_hover_links_bg":"","ocean_menu_social_links_color":"","ocean_menu_social_hover_links_color":"","ocean_disable_title":"default","ocean_disable_heading":"default","ocean_post_title":"","ocean_post_subheading":"","ocean_post_title_style":"","ocean_post_title_background_color":"","ocean_post_title_background":0,"ocean_post_title_bg_image_position":"","ocean_post_title_bg_image_attachment":"","ocean_post_title_bg_image_repeat":"","ocean_post_title_bg_image_size":"","ocean_post_title_height":0,"ocean_post_title_bg_overlay":0.5,"ocean_post_title_bg_overlay_color":"","ocean_disable_breadcrumbs":"default","ocean_breadcrumbs_color":"","ocean_breadcrumbs_separator_color":"","ocean_breadcrumbs_links_color":"","ocean_breadcrumbs_links_hover_color":"","ocean_display_footer_widgets":"default","ocean_display_footer_bottom":"default","ocean_custom_footer_template":"","footnotes":""},"class_list":["post-47","page","type-page","status-publish","hentry","entry"],"_links":{"self":[{"href":"https:\/\/jpmcomon.info\/unan56\/index.php?rest_route=\/wp\/v2\/pages\/47","targetHints":{"allow":["GET"]}}],"collection":[{"href":"https:\/\/jpmcomon.info\/unan56\/index.php?rest_route=\/wp\/v2\/pages"}],"about":[{"href":"https:\/\/jpmcomon.info\/unan56\/index.php?rest_route=\/wp\/v2\/types\/page"}],"author":[{"embeddable":true,"href":"https:\/\/jpmcomon.info\/unan56\/index.php?rest_route=\/wp\/v2\/users\/1"}],"replies":[{"embeddable":true,"href":"https:\/\/jpmcomon.info\/unan56\/index.php?rest_route=%2Fwp%2Fv2%2Fcomments&post=47"}],"version-history":[{"count":17,"href":"https:\/\/jpmcomon.info\/unan56\/index.php?rest_route=\/wp\/v2\/pages\/47\/revisions"}],"predecessor-version":[{"id":917,"href":"https:\/\/jpmcomon.info\/unan56\/index.php?rest_route=\/wp\/v2\/pages\/47\/revisions\/917"}],"wp:attachment":[{"href":"https:\/\/jpmcomon.info\/unan56\/index.php?rest_route=%2Fwp%2Fv2%2Fmedia&parent=47"}],"curies":[{"name":"wp","href":"https:\/\/api.w.org\/{rel}","templated":true}]}}