{"id":256,"date":"2024-01-25T17:46:17","date_gmt":"2024-01-25T17:46:17","guid":{"rendered":"https:\/\/jpmcomon.info\/unan56\/?page_id=256"},"modified":"2024-04-03T08:46:16","modified_gmt":"2024-04-03T08:46:16","slug":"dossiers-thematiques","status":"publish","type":"page","link":"https:\/\/jpmcomon.info\/unan56\/?page_id=256","title":{"rendered":"DOSSIERS THEMATIQUES"},"content":{"rendered":"\t\t<div data-elementor-type=\"wp-page\" data-elementor-id=\"256\" class=\"elementor elementor-256\">\n\t\t\t\t<div class=\"elementor-element elementor-element-7e0ee1d e-flex e-con-boxed e-con e-parent\" data-id=\"7e0ee1d\" data-element_type=\"container\">\n\t\t\t\t\t<div class=\"e-con-inner\">\n\t\t\t\t<div class=\"elementor-element elementor-element-782223c elementor-widget elementor-widget-text-editor\" data-id=\"782223c\" data-element_type=\"widget\" data-widget_type=\"text-editor.default\">\n\t\t\t\t<div class=\"elementor-widget-container\">\n\t\t\t\t\t\t\t\t\t<h1 id=\"top\" class=\"font-weight-bold mb-4 text-uppercase\">Dossiers Particuliers<\/h1><h4 class=\"text-left text-uppercase\">DROITS ANNUELS DE FRANCISATION ET DE NAVIGATION<\/h4><p>Comment estimer votre DAFN ? (Nouvelle publication de l&#8217;UNAN)\u00a0<\/p><p>Rappel : Les navires francis\u00e9s doivent payer chaque ann\u00e9e un droit de francisation et de navigation, calcul\u00e9 sur la longueur de coque et la puissance administrative des moteurs.<br \/>L&#8217;article 224 du Code des douanes pr\u00e9voit \u00e0 partir de 2019 un gel de l\u2019abattement pour v\u00e9tust\u00e9 appliqu\u00e9 au droit de francisation et de navigation.<br \/>Voici comment le calculer&#8230;\u00a0 \u00a0 \u00a0 \u00a0 \u00a0 \u00a0 \u00a0 \u00a0 \u00a0 \u00a0 \u00a0<\/p><p>Consulter le <a href=\"https:\/\/www.unan.fr\/userfiles\/UNAN-estimation-DAFN-V3.pdf\">guide en ligne<\/a><\/p><p>DAFN : <a href=\"https:\/\/www.unan.fr\/actualite-dafn-les-abattements-pour-vetuste-geles-20190227-288.html\">les abattements pour v\u00e9tust\u00e9 gel\u00e9s&#8230;<\/a><\/p><p>Gel des abattements du DAFN : <a href=\"http:\/\/Gel des abattements du DAFN : la r\u00e9ponse de la Douane\">la r\u00e9ponse de la Douane<\/a><\/p><h4 class=\"text-left text-uppercase\">R\u00e9sultat enqu\u00eate carburant dans le golfe<\/h4><p><img fetchpriority=\"high\" decoding=\"async\" class=\"alignnone size-full wp-image-818\" src=\"https:\/\/jpmcomon.info\/unan56\/wp-content\/uploads\/2024\/04\/Capture.jpg\" alt=\"\" width=\"664\" height=\"895\" srcset=\"https:\/\/jpmcomon.info\/unan56\/wp-content\/uploads\/2024\/04\/Capture.jpg 664w, https:\/\/jpmcomon.info\/unan56\/wp-content\/uploads\/2024\/04\/Capture-223x300.jpg 223w\" sizes=\"(max-width: 664px) 100vw, 664px\" \/><\/p><p>\u00a0<\/p>\t\t\t\t\t\t\t\t<\/div>\n\t\t\t\t<\/div>\n\t\t\t\t\t<\/div>\n\t\t\t\t<\/div>\n\t\t\t\t<\/div>\n\t\t","protected":false},"excerpt":{"rendered":"<p>Dossiers Particuliers DROITS ANNUELS DE FRANCISATION ET DE NAVIGATION Comment estimer votre DAFN ? (Nouvelle publication de l&#8217;UNAN)\u00a0 Rappel : Les navires francis\u00e9s doivent payer chaque ann\u00e9e un droit de [&hellip;]<\/p>\n","protected":false},"author":1,"featured_media":0,"parent":0,"menu_order":0,"comment_status":"closed","ping_status":"closed","template":"","meta":{"_s2mail":"","_EventAllDay":false,"_EventTimezone":"","_EventStartDate":"","_EventEndDate":"","_EventStartDateUTC":"","_EventEndDateUTC":"","_EventShowMap":false,"_EventShowMapLink":false,"_EventURL":"","_EventCost":"","_EventCostDescription":"","_EventCurrencySymbol":"","_EventCurrencyCode":"","_EventCurrencyPosition":"","_EventDateTimeSeparator":"","_EventTimeRangeSeparator":"","_EventOrganizerID":[],"_EventVenueID":[],"_OrganizerEmail":"","_OrganizerPhone":"","_OrganizerWebsite":"","_VenueAddress":"","_VenueCity":"","_VenueCountry":"","_VenueProvince":"","_VenueState":"","_VenueZip":"","_VenuePhone":"","_VenueURL":"","_VenueStateProvince":"","_VenueLat":"","_VenueLng":"","_VenueShowMap":false,"_VenueShowMapLink":false,"ocean_post_layout":"","ocean_both_sidebars_style":"","ocean_both_sidebars_content_width":0,"ocean_both_sidebars_sidebars_width":0,"ocean_sidebar":"","ocean_second_sidebar":"","ocean_disable_margins":"enable","ocean_add_body_class":"","ocean_shortcode_before_top_bar":"","ocean_shortcode_after_top_bar":"","ocean_shortcode_before_header":"","ocean_shortcode_after_header":"","ocean_has_shortcode":"","ocean_shortcode_after_title":"","ocean_shortcode_before_footer_widgets":"","ocean_shortcode_after_footer_widgets":"","ocean_shortcode_before_footer_bottom":"","ocean_shortcode_after_footer_bottom":"","ocean_display_top_bar":"default","ocean_display_header":"default","ocean_header_style":"","ocean_center_header_left_menu":"","ocean_custom_header_template":"","ocean_custom_logo":0,"ocean_custom_retina_logo":0,"ocean_custom_logo_max_width":0,"ocean_custom_logo_tablet_max_width":0,"ocean_custom_logo_mobile_max_width":0,"ocean_custom_logo_max_height":0,"ocean_custom_logo_tablet_max_height":0,"ocean_custom_logo_mobile_max_height":0,"ocean_header_custom_menu":"","ocean_menu_typo_font_family":"","ocean_menu_typo_font_subset":"","ocean_menu_typo_font_size":0,"ocean_menu_typo_font_size_tablet":0,"ocean_menu_typo_font_size_mobile":0,"ocean_menu_typo_font_size_unit":"px","ocean_menu_typo_font_weight":"","ocean_menu_typo_font_weight_tablet":"","ocean_menu_typo_font_weight_mobile":"","ocean_menu_typo_transform":"","ocean_menu_typo_transform_tablet":"","ocean_menu_typo_transform_mobile":"","ocean_menu_typo_line_height":0,"ocean_menu_typo_line_height_tablet":0,"ocean_menu_typo_line_height_mobile":0,"ocean_menu_typo_line_height_unit":"","ocean_menu_typo_spacing":0,"ocean_menu_typo_spacing_tablet":0,"ocean_menu_typo_spacing_mobile":0,"ocean_menu_typo_spacing_unit":"","ocean_menu_link_color":"","ocean_menu_link_color_hover":"","ocean_menu_link_color_active":"","ocean_menu_link_background":"","ocean_menu_link_hover_background":"","ocean_menu_link_active_background":"","ocean_menu_social_links_bg":"","ocean_menu_social_hover_links_bg":"","ocean_menu_social_links_color":"","ocean_menu_social_hover_links_color":"","ocean_disable_title":"default","ocean_disable_heading":"default","ocean_post_title":"","ocean_post_subheading":"","ocean_post_title_style":"","ocean_post_title_background_color":"","ocean_post_title_background":0,"ocean_post_title_bg_image_position":"","ocean_post_title_bg_image_attachment":"","ocean_post_title_bg_image_repeat":"","ocean_post_title_bg_image_size":"","ocean_post_title_height":0,"ocean_post_title_bg_overlay":0.5,"ocean_post_title_bg_overlay_color":"","ocean_disable_breadcrumbs":"default","ocean_breadcrumbs_color":"","ocean_breadcrumbs_separator_color":"","ocean_breadcrumbs_links_color":"","ocean_breadcrumbs_links_hover_color":"","ocean_display_footer_widgets":"default","ocean_display_footer_bottom":"default","ocean_custom_footer_template":"","footnotes":""},"class_list":["post-256","page","type-page","status-publish","hentry","entry"],"_links":{"self":[{"href":"https:\/\/jpmcomon.info\/unan56\/index.php?rest_route=\/wp\/v2\/pages\/256","targetHints":{"allow":["GET"]}}],"collection":[{"href":"https:\/\/jpmcomon.info\/unan56\/index.php?rest_route=\/wp\/v2\/pages"}],"about":[{"href":"https:\/\/jpmcomon.info\/unan56\/index.php?rest_route=\/wp\/v2\/types\/page"}],"author":[{"embeddable":true,"href":"https:\/\/jpmcomon.info\/unan56\/index.php?rest_route=\/wp\/v2\/users\/1"}],"replies":[{"embeddable":true,"href":"https:\/\/jpmcomon.info\/unan56\/index.php?rest_route=%2Fwp%2Fv2%2Fcomments&post=256"}],"version-history":[{"count":10,"href":"https:\/\/jpmcomon.info\/unan56\/index.php?rest_route=\/wp\/v2\/pages\/256\/revisions"}],"predecessor-version":[{"id":871,"href":"https:\/\/jpmcomon.info\/unan56\/index.php?rest_route=\/wp\/v2\/pages\/256\/revisions\/871"}],"wp:attachment":[{"href":"https:\/\/jpmcomon.info\/unan56\/index.php?rest_route=%2Fwp%2Fv2%2Fmedia&parent=256"}],"curies":[{"name":"wp","href":"https:\/\/api.w.org\/{rel}","templated":true}]}}