{"id":254,"date":"2024-01-25T17:45:31","date_gmt":"2024-01-25T17:45:31","guid":{"rendered":"https:\/\/jpmcomon.info\/unan56\/?page_id=254"},"modified":"2024-04-01T15:15:11","modified_gmt":"2024-04-01T15:15:11","slug":"environnement","status":"publish","type":"page","link":"https:\/\/jpmcomon.info\/unan56\/?page_id=254","title":{"rendered":"ENVIRONNEMENT"},"content":{"rendered":"\t\t<div data-elementor-type=\"wp-page\" data-elementor-id=\"254\" class=\"elementor elementor-254\">\n\t\t\t\t<div class=\"elementor-element elementor-element-afd4959 e-flex e-con-boxed e-con e-parent\" data-id=\"afd4959\" data-element_type=\"container\">\n\t\t\t\t\t<div class=\"e-con-inner\">\n\t\t\t\t<div class=\"elementor-element elementor-element-ca8fe10 elementor-widget elementor-widget-text-editor\" data-id=\"ca8fe10\" data-element_type=\"widget\" data-widget_type=\"text-editor.default\">\n\t\t\t\t<div class=\"elementor-widget-container\">\n\t\t\t\t\t\t\t\t\t<h1>ENVIRONNEMENT<\/h1><h2 class=\"text-left text-uppercase\">Pr\u00e9sentation du groupe de travail<\/h2><h4 style=\"text-align: center;\"><strong>GROUPE DE TRAVAIL : ENVIRONNEMENT<\/strong><\/h4><p>Ce GT a vocation \u00e0 s&#8217;int\u00e9resser, du point de vue du plaisancier, \u00e0 toutes les questions d&#8217;environnement, soit du fait de l&#8217;exercice de notre activit\u00e9, soit en consid\u00e9ration du milieu dans lequel nous \u00e9voluons (ce qui exclu une approche exhaustive de l&#8217;environnement, prise en charge par d&#8217;autres associations dont c&#8217;est la sp\u00e9cialit\u00e9). Il aura \u00e0 collaborer dans certains cas avec nos autres GT, y compris la commission Environnement de l&#8217;UNAN.<\/p><p>1- Veille juridique relative \u00e0 l&#8217;environnement maritime; plus particuli\u00e8rement, dispositions juridiques en vigueur susceptibles d&#8217;impacter les pratiques de nettoyage\/car\u00e9nage. Mise au point d&#8217;une argumentation pour pr\u00e9venir ou contrer les interdictions de nettoyage pour \u00e9lus\/administrations.<\/p><p>2 &#8211; Inventaire d\u00e9partemental des infrastructures de car\u00e9nage existantes et identification des aires de nettoyage potentielles.<\/p><p>3 &#8211; Poursuite de la campagne de communication UNAN56 en direction des AL et du public (presse&#8230;), des gestionnaires de ports et de mouillages, des chantiers sur la distinction nettoyage\/car\u00e9nage. Promotion du power-point nettoyage-car\u00e9nage. A voir avec le GT Communication.<\/p><p>4 &#8211; Mise au point d&#8217;un d\u00e9pliant nettoyage\/car\u00e9nage pour diffusion par le PNR aux plaisanciers (et autres) pendant l&#8217;\u00e9t\u00e9. Pr\u00e9paration d&#8217;un article pour diffusion \u00e0 l&#8217;automne dans le journal du PNR. A voir avec GT Communication.<\/p><p>5 &#8211; Participation aux r\u00e9unions convoqu\u00e9es par l&#8217;administration ou les Collectivit\u00e9s telles PNR, Natura 2000, SAGE, GIZC, SMVM etc sur demande du pr\u00e9sident.<\/p><p style=\"text-align: center;\">Contenu r\u00e9serv\u00e9 aux adh\u00e9rents <a href=\"https:\/\/jpmcomon.info\/unan56\/?page_id=795\">(cliquez ici)<\/a><\/p>\t\t\t\t\t\t\t\t<\/div>\n\t\t\t\t<\/div>\n\t\t\t\t\t<\/div>\n\t\t\t\t<\/div>\n\t\t\t\t<\/div>\n\t\t","protected":false},"excerpt":{"rendered":"<p>ENVIRONNEMENT Pr\u00e9sentation du groupe de travail GROUPE DE TRAVAIL : ENVIRONNEMENT Ce GT a vocation \u00e0 s&#8217;int\u00e9resser, du point de vue du plaisancier, \u00e0 toutes les questions d&#8217;environnement, soit du [&hellip;]<\/p>\n","protected":false},"author":1,"featured_media":0,"parent":0,"menu_order":0,"comment_status":"closed","ping_status":"closed","template":"","meta":{"_s2mail":"","_EventAllDay":false,"_EventTimezone":"","_EventStartDate":"","_EventEndDate":"","_EventStartDateUTC":"","_EventEndDateUTC":"","_EventShowMap":false,"_EventShowMapLink":false,"_EventURL":"","_EventCost":"","_EventCostDescription":"","_EventCurrencySymbol":"","_EventCurrencyCode":"","_EventCurrencyPosition":"","_EventDateTimeSeparator":"","_EventTimeRangeSeparator":"","_EventOrganizerID":[],"_EventVenueID":[],"_OrganizerEmail":"","_OrganizerPhone":"","_OrganizerWebsite":"","_VenueAddress":"","_VenueCity":"","_VenueCountry":"","_VenueProvince":"","_VenueState":"","_VenueZip":"","_VenuePhone":"","_VenueURL":"","_VenueStateProvince":"","_VenueLat":"","_VenueLng":"","_VenueShowMap":false,"_VenueShowMapLink":false,"ocean_post_layout":"","ocean_both_sidebars_style":"","ocean_both_sidebars_content_width":0,"ocean_both_sidebars_sidebars_width":0,"ocean_sidebar":"","ocean_second_sidebar":"","ocean_disable_margins":"enable","ocean_add_body_class":"","ocean_shortcode_before_top_bar":"","ocean_shortcode_after_top_bar":"","ocean_shortcode_before_header":"","ocean_shortcode_after_header":"","ocean_has_shortcode":"","ocean_shortcode_after_title":"","ocean_shortcode_before_footer_widgets":"","ocean_shortcode_after_footer_widgets":"","ocean_shortcode_before_footer_bottom":"","ocean_shortcode_after_footer_bottom":"","ocean_display_top_bar":"default","ocean_display_header":"default","ocean_header_style":"","ocean_center_header_left_menu":"","ocean_custom_header_template":"","ocean_custom_logo":0,"ocean_custom_retina_logo":0,"ocean_custom_logo_max_width":0,"ocean_custom_logo_tablet_max_width":0,"ocean_custom_logo_mobile_max_width":0,"ocean_custom_logo_max_height":0,"ocean_custom_logo_tablet_max_height":0,"ocean_custom_logo_mobile_max_height":0,"ocean_header_custom_menu":"","ocean_menu_typo_font_family":"","ocean_menu_typo_font_subset":"","ocean_menu_typo_font_size":0,"ocean_menu_typo_font_size_tablet":0,"ocean_menu_typo_font_size_mobile":0,"ocean_menu_typo_font_size_unit":"px","ocean_menu_typo_font_weight":"","ocean_menu_typo_font_weight_tablet":"","ocean_menu_typo_font_weight_mobile":"","ocean_menu_typo_transform":"","ocean_menu_typo_transform_tablet":"","ocean_menu_typo_transform_mobile":"","ocean_menu_typo_line_height":0,"ocean_menu_typo_line_height_tablet":0,"ocean_menu_typo_line_height_mobile":0,"ocean_menu_typo_line_height_unit":"","ocean_menu_typo_spacing":0,"ocean_menu_typo_spacing_tablet":0,"ocean_menu_typo_spacing_mobile":0,"ocean_menu_typo_spacing_unit":"","ocean_menu_link_color":"","ocean_menu_link_color_hover":"","ocean_menu_link_color_active":"","ocean_menu_link_background":"","ocean_menu_link_hover_background":"","ocean_menu_link_active_background":"","ocean_menu_social_links_bg":"","ocean_menu_social_hover_links_bg":"","ocean_menu_social_links_color":"","ocean_menu_social_hover_links_color":"","ocean_disable_title":"default","ocean_disable_heading":"default","ocean_post_title":"","ocean_post_subheading":"","ocean_post_title_style":"","ocean_post_title_background_color":"","ocean_post_title_background":0,"ocean_post_title_bg_image_position":"","ocean_post_title_bg_image_attachment":"","ocean_post_title_bg_image_repeat":"","ocean_post_title_bg_image_size":"","ocean_post_title_height":0,"ocean_post_title_bg_overlay":0.5,"ocean_post_title_bg_overlay_color":"","ocean_disable_breadcrumbs":"default","ocean_breadcrumbs_color":"","ocean_breadcrumbs_separator_color":"","ocean_breadcrumbs_links_color":"","ocean_breadcrumbs_links_hover_color":"","ocean_display_footer_widgets":"default","ocean_display_footer_bottom":"default","ocean_custom_footer_template":"","footnotes":""},"class_list":["post-254","page","type-page","status-publish","hentry","entry"],"_links":{"self":[{"href":"https:\/\/jpmcomon.info\/unan56\/index.php?rest_route=\/wp\/v2\/pages\/254","targetHints":{"allow":["GET"]}}],"collection":[{"href":"https:\/\/jpmcomon.info\/unan56\/index.php?rest_route=\/wp\/v2\/pages"}],"about":[{"href":"https:\/\/jpmcomon.info\/unan56\/index.php?rest_route=\/wp\/v2\/types\/page"}],"author":[{"embeddable":true,"href":"https:\/\/jpmcomon.info\/unan56\/index.php?rest_route=\/wp\/v2\/users\/1"}],"replies":[{"embeddable":true,"href":"https:\/\/jpmcomon.info\/unan56\/index.php?rest_route=%2Fwp%2Fv2%2Fcomments&post=254"}],"version-history":[{"count":7,"href":"https:\/\/jpmcomon.info\/unan56\/index.php?rest_route=\/wp\/v2\/pages\/254\/revisions"}],"predecessor-version":[{"id":799,"href":"https:\/\/jpmcomon.info\/unan56\/index.php?rest_route=\/wp\/v2\/pages\/254\/revisions\/799"}],"wp:attachment":[{"href":"https:\/\/jpmcomon.info\/unan56\/index.php?rest_route=%2Fwp%2Fv2%2Fmedia&parent=254"}],"curies":[{"name":"wp","href":"https:\/\/api.w.org\/{rel}","templated":true}]}}