{"id":24,"date":"2024-01-17T17:43:59","date_gmt":"2024-01-17T17:43:59","guid":{"rendered":"https:\/\/jpmcomon.info\/unan56\/?page_id=24"},"modified":"2024-04-01T14:32:17","modified_gmt":"2024-04-01T14:32:17","slug":"securite-balisage","status":"publish","type":"page","link":"https:\/\/jpmcomon.info\/unan56\/?page_id=24","title":{"rendered":"S\u00c9CURIT\u00c9 BALISAGE"},"content":{"rendered":"\t\t<div data-elementor-type=\"wp-page\" data-elementor-id=\"24\" class=\"elementor elementor-24\">\n\t\t\t\t<div class=\"elementor-element elementor-element-4bce64b5 e-flex e-con-boxed e-con e-parent\" data-id=\"4bce64b5\" data-element_type=\"container\">\n\t\t\t\t\t<div class=\"e-con-inner\">\n\t\t\t\t<div class=\"elementor-element elementor-element-1ca46568 elementor-widget elementor-widget-text-editor\" data-id=\"1ca46568\" data-element_type=\"widget\" data-widget_type=\"text-editor.default\">\n\t\t\t\t<div class=\"elementor-widget-container\">\n\t\t\t\t\t\t\t\t\t\n<h1 id=\"top\" class=\"font-weight-bold mb-4 text-uppercase wp-block-heading\">S\u00e9curit\u00e9 Balisage<\/h1>\n<h2 class=\"text-left text-uppercase\">Pr\u00e9sentation du groupe de travail<\/h2>\n<div id=\"article124\" class=\"collapse show\" aria-labelledby=\"heading124\" data-parent=\"#accordionArticle\">\n<div class=\"card-body\">\n<p><strong>GROUPE DE TRAVAIL : SECURITE &#8211; BALISAGE<\/strong><\/p>\n<p>Ce GT a vocation \u00e0 s&#8217;int\u00e9resser \u00e0 tous les aspects de la s\u00e9curit\u00e9 en mer : comportement des navigateurs, \u00e9quipement de s\u00e9curit\u00e9 embarqu\u00e9, signalisation maritime, r\u00e8gles de navigation ainsi qu&#8217;\u00e0 la formation et l&#8217;information des plaisanciers en ce domaine.<\/p>\n<p><br \/>1 &#8211; Organiser des actions de sensibilisation\/formation \u00e0 la s\u00e9curit\u00e9 (pratiques\/connaissance de la r\u00e9glementation) ; soutien aux AL qui en organisent (si elles le demandent).<\/p>\n<p>2 &#8211; Collecter les observations des AL et des plaisanciers sur le balisage en vue de les r\u00e9percuter au SHOM.<\/p>\n<p>3 &#8211; Pr\u00e9parer et participer aux r\u00e9unions de concertation avec l&#8217;Administration (Phares et Balises, SMVM, CNL&#8230;).<\/p>\n<p>4 &#8211; Suivi des projets EMR du point de vue &#8220;s\u00e9curit\u00e9&#8221; et vigilance sur le maintien de la libert\u00e9 de navigation.<\/p>\n<p style=\"text-align: center;\">Contenu r\u00e9serv\u00e9 aux adh\u00e9rents <a href=\"https:\/\/jpmcomon.info\/unan56\/?page_id=752\">(cliquez ici)<\/a><\/p>\n<\/div>\n<\/div>\n\t\t\t\t\t\t\t\t<\/div>\n\t\t\t\t<\/div>\n\t\t\t\t\t<\/div>\n\t\t\t\t<\/div>\n\t\t\t\t<\/div>\n\t\t","protected":false},"excerpt":{"rendered":"<p>S\u00e9curit\u00e9 Balisage Pr\u00e9sentation du groupe de travail GROUPE DE TRAVAIL : SECURITE &#8211; BALISAGE Ce GT a vocation \u00e0 s&#8217;int\u00e9resser \u00e0 tous les aspects de la s\u00e9curit\u00e9 en mer : [&hellip;]<\/p>\n","protected":false},"author":1,"featured_media":0,"parent":0,"menu_order":0,"comment_status":"closed","ping_status":"closed","template":"","meta":{"_s2mail":"","_EventAllDay":false,"_EventTimezone":"","_EventStartDate":"","_EventEndDate":"","_EventStartDateUTC":"","_EventEndDateUTC":"","_EventShowMap":false,"_EventShowMapLink":false,"_EventURL":"","_EventCost":"","_EventCostDescription":"","_EventCurrencySymbol":"","_EventCurrencyCode":"","_EventCurrencyPosition":"","_EventDateTimeSeparator":"","_EventTimeRangeSeparator":"","_EventOrganizerID":[],"_EventVenueID":[],"_OrganizerEmail":"","_OrganizerPhone":"","_OrganizerWebsite":"","_VenueAddress":"","_VenueCity":"","_VenueCountry":"","_VenueProvince":"","_VenueState":"","_VenueZip":"","_VenuePhone":"","_VenueURL":"","_VenueStateProvince":"","_VenueLat":"","_VenueLng":"","_VenueShowMap":false,"_VenueShowMapLink":false,"ocean_post_layout":"","ocean_both_sidebars_style":"","ocean_both_sidebars_content_width":0,"ocean_both_sidebars_sidebars_width":0,"ocean_sidebar":"","ocean_second_sidebar":"","ocean_disable_margins":"enable","ocean_add_body_class":"","ocean_shortcode_before_top_bar":"","ocean_shortcode_after_top_bar":"","ocean_shortcode_before_header":"","ocean_shortcode_after_header":"","ocean_has_shortcode":"","ocean_shortcode_after_title":"","ocean_shortcode_before_footer_widgets":"","ocean_shortcode_after_footer_widgets":"","ocean_shortcode_before_footer_bottom":"","ocean_shortcode_after_footer_bottom":"","ocean_display_top_bar":"default","ocean_display_header":"default","ocean_header_style":"","ocean_center_header_left_menu":"","ocean_custom_header_template":"","ocean_custom_logo":0,"ocean_custom_retina_logo":0,"ocean_custom_logo_max_width":0,"ocean_custom_logo_tablet_max_width":0,"ocean_custom_logo_mobile_max_width":0,"ocean_custom_logo_max_height":0,"ocean_custom_logo_tablet_max_height":0,"ocean_custom_logo_mobile_max_height":0,"ocean_header_custom_menu":"","ocean_menu_typo_font_family":"","ocean_menu_typo_font_subset":"","ocean_menu_typo_font_size":0,"ocean_menu_typo_font_size_tablet":0,"ocean_menu_typo_font_size_mobile":0,"ocean_menu_typo_font_size_unit":"px","ocean_menu_typo_font_weight":"","ocean_menu_typo_font_weight_tablet":"","ocean_menu_typo_font_weight_mobile":"","ocean_menu_typo_transform":"","ocean_menu_typo_transform_tablet":"","ocean_menu_typo_transform_mobile":"","ocean_menu_typo_line_height":0,"ocean_menu_typo_line_height_tablet":0,"ocean_menu_typo_line_height_mobile":0,"ocean_menu_typo_line_height_unit":"","ocean_menu_typo_spacing":0,"ocean_menu_typo_spacing_tablet":0,"ocean_menu_typo_spacing_mobile":0,"ocean_menu_typo_spacing_unit":"","ocean_menu_link_color":"","ocean_menu_link_color_hover":"","ocean_menu_link_color_active":"","ocean_menu_link_background":"","ocean_menu_link_hover_background":"","ocean_menu_link_active_background":"","ocean_menu_social_links_bg":"","ocean_menu_social_hover_links_bg":"","ocean_menu_social_links_color":"","ocean_menu_social_hover_links_color":"","ocean_disable_title":"default","ocean_disable_heading":"default","ocean_post_title":"","ocean_post_subheading":"","ocean_post_title_style":"","ocean_post_title_background_color":"","ocean_post_title_background":0,"ocean_post_title_bg_image_position":"","ocean_post_title_bg_image_attachment":"","ocean_post_title_bg_image_repeat":"","ocean_post_title_bg_image_size":"","ocean_post_title_height":0,"ocean_post_title_bg_overlay":0.5,"ocean_post_title_bg_overlay_color":"","ocean_disable_breadcrumbs":"default","ocean_breadcrumbs_color":"","ocean_breadcrumbs_separator_color":"","ocean_breadcrumbs_links_color":"","ocean_breadcrumbs_links_hover_color":"","ocean_display_footer_widgets":"default","ocean_display_footer_bottom":"default","ocean_custom_footer_template":"","footnotes":""},"class_list":["post-24","page","type-page","status-publish","hentry","entry"],"_links":{"self":[{"href":"https:\/\/jpmcomon.info\/unan56\/index.php?rest_route=\/wp\/v2\/pages\/24","targetHints":{"allow":["GET"]}}],"collection":[{"href":"https:\/\/jpmcomon.info\/unan56\/index.php?rest_route=\/wp\/v2\/pages"}],"about":[{"href":"https:\/\/jpmcomon.info\/unan56\/index.php?rest_route=\/wp\/v2\/types\/page"}],"author":[{"embeddable":true,"href":"https:\/\/jpmcomon.info\/unan56\/index.php?rest_route=\/wp\/v2\/users\/1"}],"replies":[{"embeddable":true,"href":"https:\/\/jpmcomon.info\/unan56\/index.php?rest_route=%2Fwp%2Fv2%2Fcomments&post=24"}],"version-history":[{"count":4,"href":"https:\/\/jpmcomon.info\/unan56\/index.php?rest_route=\/wp\/v2\/pages\/24\/revisions"}],"predecessor-version":[{"id":757,"href":"https:\/\/jpmcomon.info\/unan56\/index.php?rest_route=\/wp\/v2\/pages\/24\/revisions\/757"}],"wp:attachment":[{"href":"https:\/\/jpmcomon.info\/unan56\/index.php?rest_route=%2Fwp%2Fv2%2Fmedia&parent=24"}],"curies":[{"name":"wp","href":"https:\/\/api.w.org\/{rel}","templated":true}]}}