{"id":19,"date":"2024-01-17T17:35:31","date_gmt":"2024-01-17T17:35:31","guid":{"rendered":"https:\/\/jpmcomon.info\/unan56\/?page_id=19"},"modified":"2024-04-01T09:15:37","modified_gmt":"2024-04-01T09:15:37","slug":"19-2","status":"publish","type":"page","link":"https:\/\/jpmcomon.info\/unan56\/?page_id=19","title":{"rendered":"Zones de mouillage Union Nationale des Associations de Navigateurs"},"content":{"rendered":"\t\t<div data-elementor-type=\"wp-page\" data-elementor-id=\"19\" class=\"elementor elementor-19\">\n\t\t\t\t<div class=\"elementor-element elementor-element-671274e2 e-flex e-con-boxed e-con e-parent\" data-id=\"671274e2\" data-element_type=\"container\">\n\t\t\t\t\t<div class=\"e-con-inner\">\n\t\t\t\t<div class=\"elementor-element elementor-element-ad05892 elementor-widget elementor-widget-text-editor\" data-id=\"ad05892\" data-element_type=\"widget\" data-widget_type=\"text-editor.default\">\n\t\t\t\t<div class=\"elementor-widget-container\">\n\t\t\t\t\t\t\t\t\t<h1 id=\"top\" class=\"font-weight-bold mb-4 text-uppercase\">Zones de mouillage<\/h1>\n<h2 class=\"text-left text-uppercase\">Pr\u00e9sentation du groupe de travail<\/h2>\n<h4 class=\"text-left text-uppercase\"><strong>GROUPE DE TRAVAIL : ZMEL, CALES, PORTS COMMX<\/strong>\u00a0<\/h4>\n<p>Ce GT concerne les zones de mouillages et d&#8217;\u00e9quipements l\u00e9gers, les cales de mises \u00e0 l&#8217;eau, les ports g\u00e9r\u00e9s par les communes. Il a vocation \u00e0 s&#8217;int\u00e9resser \u00e0 toutes les questions relevant de l&#8217;accueil des plaisanciers et de la gestion de ces \u00e9quipements. Il aura \u00e0 se rapprocher d&#8217;autres GT (GT ports, GT Environnement&#8230;).<\/p>\n<p>1 \u2013 Elaboration d&#8217;un tableau des dates d&#8217;attribution et de renouvellement des AOT-ZMEL (\u00e9ch\u00e9ance: 30 juin). Suivi des proc\u00e9dures avec les AL concern\u00e9es.<\/p>\n<p>2 \u2013 Collecte aupr\u00e8s des AL concern\u00e9es des donn\u00e9es relatives aux tarifs pratiqu\u00e9s dans les ZMEL d&#8217;une part et dans les ports communaux d&#8217;autre part; mise en forme et exploitation comparative de ces donn\u00e9es; diffusion aux AL (\u00e9ch\u00e9ance:15 octobre).<\/p>\n<p>3 \u2013 Collecte et exploitation des CR des Conseils de Mouillage, pour 2016 et 2017 (\u00e9ch\u00e9ance: 15 d\u00e9cembre). Appui aux AL qui rencontrent des difficult\u00e9s avec leur gestionnaire.<\/p>\n<p>4 &#8211; Elaboration d&#8217;un guide pratiques de gestion des ZMEL \u00e0 l&#8217;usage des gestionnaires.<\/p>\n<p>5 &#8211; Mise au point de la fiche &#8220;plongeurs&#8221; pour la v\u00e9rification des mouillages; diffu sion aux AL.<\/p>\n<p>6 \u2013 Sur demande du Bureau, contribution au dossier de concertation avec la mairie de Houat.<\/p>\n<p>\u00a0<\/p>\n<h4 class=\"text-left text-uppercase\"><a class=\"collapsed\" href=\"https:\/\/www.unan56.bzh\/zones-de-mouillage.html#article138\" data-toggle=\"collapse\" aria-expanded=\"false\" aria-controls=\"article138\">Groupe HOUAT HOEDIC <\/a><\/h4>\n<p><a href=\"https:\/\/jpmcomon.info\/unan56\/wp-content\/uploads\/2024\/04\/groupe-houat-hoedic-scaled.jpeg\" target=\"_blank\" rel=\"noopener\"><img fetchpriority=\"high\" decoding=\"async\" class=\"alignnone  wp-image-686\" src=\"https:\/\/jpmcomon.info\/unan56\/wp-content\/uploads\/2024\/04\/groupe-houat-hoedic-1024x765.jpeg\" alt=\"\" width=\"546\" height=\"408\" srcset=\"https:\/\/jpmcomon.info\/unan56\/wp-content\/uploads\/2024\/04\/groupe-houat-hoedic-1024x765.jpeg 1024w, https:\/\/jpmcomon.info\/unan56\/wp-content\/uploads\/2024\/04\/groupe-houat-hoedic-300x224.jpeg 300w, https:\/\/jpmcomon.info\/unan56\/wp-content\/uploads\/2024\/04\/groupe-houat-hoedic-768x574.jpeg 768w, https:\/\/jpmcomon.info\/unan56\/wp-content\/uploads\/2024\/04\/groupe-houat-hoedic-1536x1147.jpeg 1536w, https:\/\/jpmcomon.info\/unan56\/wp-content\/uploads\/2024\/04\/groupe-houat-hoedic-2048x1530.jpeg 2048w\" sizes=\"(max-width: 546px) 100vw, 546px\" \/><\/a><\/p>\n<h4><strong>GROUPE DE TRAVAIL : CONCERTATION HOUAT<\/strong><\/h4>\n<p>Ce GT a vocation de contribuer au maintien du mouillage libre sur ancre \u00e0 Houat et Hoedic ;\u00e0 promouvoir le bon comportement des plaisanciers sur le plan d&#8217;eau et sur l&#8217;ile; \u00e0 entretenir la concertation avec la commune pour toute question d&#8217;ordre maritime.<\/p>\n<p>1 &#8211; Propose et organise les conditions propices au maintien de la concertation avec les mairies de Houat et d&#8217;Hoedic. Fait le bilan des actions men\u00e9es.<\/p>\n<p>2 &#8211; Actualise si besoin et organise la diffusion du d\u00e9pliant destin\u00e9 aux plaisanciers, professionnels etc.<\/p>\n<p>3 &#8211; Contribution au bon d\u00e9roulement de l&#8217;\u00e9tude de fr\u00e9quentation de la plaisance autour de l&#8217;ile en lien avec l&#8217;universit\u00e9. Exploitation des donn\u00e9es recueillies pour valorisation aupr\u00e8s des AL et tout interlocuteur (soir\u00e9e de pr\u00e9sentation ? conf\u00e9rence de presse ?).<\/p>\n<p>\u00a0<\/p>\n<p>\u00a0<\/p>\n<p style=\"text-align: center;\">Contenu r\u00e9serv\u00e9 aux adh\u00e9rents (cliquez ici)<\/p>\t\t\t\t\t\t\t\t<\/div>\n\t\t\t\t<\/div>\n\t\t\t\t\t<\/div>\n\t\t\t\t<\/div>\n\t\t\t\t<\/div>\n\t\t","protected":false},"excerpt":{"rendered":"<p>Zones de mouillage Pr\u00e9sentation du groupe de travail GROUPE DE TRAVAIL : ZMEL, CALES, PORTS COMMX\u00a0 Ce GT concerne les zones de mouillages et d&#8217;\u00e9quipements l\u00e9gers, les cales de mises [&hellip;]<\/p>\n","protected":false},"author":1,"featured_media":0,"parent":0,"menu_order":0,"comment_status":"closed","ping_status":"closed","template":"","meta":{"_s2mail":"","_EventAllDay":false,"_EventTimezone":"","_EventStartDate":"","_EventEndDate":"","_EventStartDateUTC":"","_EventEndDateUTC":"","_EventShowMap":false,"_EventShowMapLink":false,"_EventURL":"","_EventCost":"","_EventCostDescription":"","_EventCurrencySymbol":"","_EventCurrencyCode":"","_EventCurrencyPosition":"","_EventDateTimeSeparator":"","_EventTimeRangeSeparator":"","_EventOrganizerID":[],"_EventVenueID":[],"_OrganizerEmail":"","_OrganizerPhone":"","_OrganizerWebsite":"","_VenueAddress":"","_VenueCity":"","_VenueCountry":"","_VenueProvince":"","_VenueState":"","_VenueZip":"","_VenuePhone":"","_VenueURL":"","_VenueStateProvince":"","_VenueLat":"","_VenueLng":"","_VenueShowMap":false,"_VenueShowMapLink":false,"ocean_post_layout":"","ocean_both_sidebars_style":"","ocean_both_sidebars_content_width":0,"ocean_both_sidebars_sidebars_width":0,"ocean_sidebar":"","ocean_second_sidebar":"","ocean_disable_margins":"enable","ocean_add_body_class":"","ocean_shortcode_before_top_bar":"","ocean_shortcode_after_top_bar":"","ocean_shortcode_before_header":"","ocean_shortcode_after_header":"","ocean_has_shortcode":"","ocean_shortcode_after_title":"","ocean_shortcode_before_footer_widgets":"","ocean_shortcode_after_footer_widgets":"","ocean_shortcode_before_footer_bottom":"","ocean_shortcode_after_footer_bottom":"","ocean_display_top_bar":"default","ocean_display_header":"default","ocean_header_style":"","ocean_center_header_left_menu":"","ocean_custom_header_template":"","ocean_custom_logo":0,"ocean_custom_retina_logo":0,"ocean_custom_logo_max_width":0,"ocean_custom_logo_tablet_max_width":0,"ocean_custom_logo_mobile_max_width":0,"ocean_custom_logo_max_height":0,"ocean_custom_logo_tablet_max_height":0,"ocean_custom_logo_mobile_max_height":0,"ocean_header_custom_menu":"","ocean_menu_typo_font_family":"","ocean_menu_typo_font_subset":"","ocean_menu_typo_font_size":0,"ocean_menu_typo_font_size_tablet":0,"ocean_menu_typo_font_size_mobile":0,"ocean_menu_typo_font_size_unit":"px","ocean_menu_typo_font_weight":"","ocean_menu_typo_font_weight_tablet":"","ocean_menu_typo_font_weight_mobile":"","ocean_menu_typo_transform":"","ocean_menu_typo_transform_tablet":"","ocean_menu_typo_transform_mobile":"","ocean_menu_typo_line_height":0,"ocean_menu_typo_line_height_tablet":0,"ocean_menu_typo_line_height_mobile":0,"ocean_menu_typo_line_height_unit":"","ocean_menu_typo_spacing":0,"ocean_menu_typo_spacing_tablet":0,"ocean_menu_typo_spacing_mobile":0,"ocean_menu_typo_spacing_unit":"","ocean_menu_link_color":"","ocean_menu_link_color_hover":"","ocean_menu_link_color_active":"","ocean_menu_link_background":"","ocean_menu_link_hover_background":"","ocean_menu_link_active_background":"","ocean_menu_social_links_bg":"","ocean_menu_social_hover_links_bg":"","ocean_menu_social_links_color":"","ocean_menu_social_hover_links_color":"","ocean_disable_title":"default","ocean_disable_heading":"default","ocean_post_title":"","ocean_post_subheading":"","ocean_post_title_style":"","ocean_post_title_background_color":"","ocean_post_title_background":0,"ocean_post_title_bg_image_position":"","ocean_post_title_bg_image_attachment":"","ocean_post_title_bg_image_repeat":"","ocean_post_title_bg_image_size":"","ocean_post_title_height":0,"ocean_post_title_bg_overlay":0.5,"ocean_post_title_bg_overlay_color":"","ocean_disable_breadcrumbs":"default","ocean_breadcrumbs_color":"","ocean_breadcrumbs_separator_color":"","ocean_breadcrumbs_links_color":"","ocean_breadcrumbs_links_hover_color":"","ocean_display_footer_widgets":"default","ocean_display_footer_bottom":"default","ocean_custom_footer_template":"","footnotes":""},"class_list":["post-19","page","type-page","status-publish","hentry","entry"],"_links":{"self":[{"href":"https:\/\/jpmcomon.info\/unan56\/index.php?rest_route=\/wp\/v2\/pages\/19","targetHints":{"allow":["GET"]}}],"collection":[{"href":"https:\/\/jpmcomon.info\/unan56\/index.php?rest_route=\/wp\/v2\/pages"}],"about":[{"href":"https:\/\/jpmcomon.info\/unan56\/index.php?rest_route=\/wp\/v2\/types\/page"}],"author":[{"embeddable":true,"href":"https:\/\/jpmcomon.info\/unan56\/index.php?rest_route=\/wp\/v2\/users\/1"}],"replies":[{"embeddable":true,"href":"https:\/\/jpmcomon.info\/unan56\/index.php?rest_route=%2Fwp%2Fv2%2Fcomments&post=19"}],"version-history":[{"count":11,"href":"https:\/\/jpmcomon.info\/unan56\/index.php?rest_route=\/wp\/v2\/pages\/19\/revisions"}],"predecessor-version":[{"id":689,"href":"https:\/\/jpmcomon.info\/unan56\/index.php?rest_route=\/wp\/v2\/pages\/19\/revisions\/689"}],"wp:attachment":[{"href":"https:\/\/jpmcomon.info\/unan56\/index.php?rest_route=%2Fwp%2Fv2%2Fmedia&parent=19"}],"curies":[{"name":"wp","href":"https:\/\/api.w.org\/{rel}","templated":true}]}}